{"id":3029,"date":"2022-06-17T10:08:22","date_gmt":"2022-06-17T10:08:22","guid":{"rendered":"https:\/\/sites.thesrgroup.com\/taylorroot\/nehmen-sie-kontakt-auf\/nehmen-sie-kontakt-auf-london\/"},"modified":"2026-02-23T17:25:10","modified_gmt":"2026-02-23T17:25:10","slug":"kontakt-london","status":"publish","type":"page","link":"https:\/\/www.taylorroot.com\/de\/kontakt\/kontakt-london\/","title":{"rendered":"London"},"content":{"rendered":"\n<div class=\"wp-block-media-text alignwide has-media-on-the-right is-stacked-on-mobile\"><div class=\"wp-block-media-text__content\">\n<div class=\"wp-block-group alignwide is-layout-flow wp-block-group-is-layout-flow\">\n<h1 class=\"wp-block-heading alignwide\" id=\"get-in-touch\">Kontakt aufnehmen<\/h1>\n\n\n\n<p>Suchen Sie Ihre n\u00e4chste Position oder m\u00f6chten Sie Ihr Legal Team ausbauen und mit unserem Team aus Expert*innen sprechen? Kontaktieren Sie uns f\u00fcr ein informelles Gespr\u00e4ch.<\/p>\n\n\n\n<div class=\"wp-block-buttons is-layout-flex wp-block-buttons-is-layout-flex\">\n<div class=\"wp-block-button is-style-primary\"><a class=\"wp-block-button__link wp-element-button\" href=\"https:\/\/www.taylorroot.com\/jobs\/\">Jobsuche<\/a><\/div>\n\n\n\n<div class=\"wp-block-button is-style-primary\"><a class=\"wp-block-button__link wp-element-button\" href=\"https:\/\/www.taylorroot.com\/de\/ein-stellenangebot-einreichen\/\">Stellenangebot<\/a><\/div>\n<\/div>\n<\/div>\n<\/div><figure class=\"wp-block-media-text__media\"><img decoding=\"async\" src=\"https:\/\/www.frazerjones.com\/wp-content\/uploads\/sites\/2\/2022\/04\/London-1024x677.jpg\" alt=\"\" class=\"wp-image-2450 size-full\"\/><\/figure><\/div>\n\n\n\n<div class=\"wp-block-group alignwide is-layout-flow wp-block-group-is-layout-flow\">\n\t<nav class=\"hd-block hd-block-navigation is-style-horizontal\" id=\"block_505b6c2faf86a9521d5497dfc0b9ea2c\">\n\n\t\t<ul id=\"menu-contact-us-locations\" class=\"menu\"><li id=\"menu-item-807\" class=\"menu-item menu-item-type-post_type menu-item-object-page menu-item-807\"><a href=\"https:\/\/www.taylorroot.com\/get-in-touch\/london\/\">London<\/a><\/li>\n<li id=\"menu-item-765\" class=\"menu-item menu-item-type-post_type menu-item-object-page menu-item-765\"><a href=\"https:\/\/www.taylorroot.com\/get-in-touch\/birmingham\/\">Birmingham<\/a><\/li>\n<li id=\"menu-item-809\" class=\"menu-item menu-item-type-post_type menu-item-object-page menu-item-809\"><a href=\"https:\/\/www.taylorroot.com\/get-in-touch\/dublin\/\">Dublin<\/a><\/li>\n<li id=\"menu-item-810\" class=\"menu-item menu-item-type-post_type menu-item-object-page menu-item-810\"><a href=\"https:\/\/www.taylorroot.com\/get-in-touch\/amsterdam\/\">Amsterdam<\/a><\/li>\n<li id=\"menu-item-794\" class=\"menu-item menu-item-type-post_type menu-item-object-page menu-item-794\"><a href=\"https:\/\/www.taylorroot.com\/get-in-touch\/dubai\/\">Dubai<\/a><\/li>\n<li id=\"menu-item-797\" class=\"menu-item menu-item-type-post_type menu-item-object-page menu-item-797\"><a href=\"https:\/\/www.taylorroot.com\/get-in-touch\/singapore\/\">Singapur<\/a><\/li>\n<li id=\"menu-item-798\" class=\"menu-item menu-item-type-post_type menu-item-object-page menu-item-798\"><a href=\"https:\/\/www.taylorroot.com\/get-in-touch\/hong-kong\/\">Hongkong<\/a><\/li>\n<li id=\"menu-item-808\" class=\"menu-item menu-item-type-post_type menu-item-object-page menu-item-808\"><a href=\"https:\/\/www.taylorroot.com\/get-in-touch\/new-york\/\">New York<\/a><\/li>\n<li id=\"menu-item-48654\" class=\"menu-item menu-item-type-post_type menu-item-object-page menu-item-48654\"><a href=\"https:\/\/www.taylorroot.com\/get-in-touch\/orlando\/\">Orlando<\/a><\/li>\n<\/ul>\n\t<\/nav>\n\n\t<\/div>\n\n\n\n<hr class=\"wp-block-separator has-css-opacity alignwide\"\/>\n\n\n\n<div class=\"wp-block-columns alignwide body-columns get-in-touch__body-columns is-layout-flex wp-container-core-columns-is-layout-28f84493 wp-block-columns-is-layout-flex\">\n<div class=\"wp-block-column is-layout-flow wp-block-column-is-layout-flow\" style=\"flex-basis:75%\">\n<h2 class=\"wp-block-heading\" id=\"frazer-jones-uk\">Taylor Root London<\/h2>\n\n\n\n<div class=\"wp-block-columns is-layout-flex wp-container-core-columns-is-layout-28f84493 wp-block-columns-is-layout-flex\">\n<div class=\"wp-block-column is-layout-flow wp-block-column-is-layout-flow\">\n<p>5&nbsp;Fleet Place<br>London<br>EC4M&nbsp;7RD&nbsp;<\/p>\n<\/div>\n\n\n\n<div class=\"wp-block-column is-layout-flow wp-block-column-is-layout-flow\">\n<p>+44&nbsp;20&nbsp;7415&nbsp;2828<\/p>\n<\/div>\n<\/div>\n\n\n\n<div class=\"wp-block-group has-black-05-background-color has-background is-layout-flow wp-block-group-is-layout-flow\">\n<h2 class=\"wp-block-heading is-style-eyebrow\" id=\"get-in-touch-1\">Kontakt aufnehmen<\/h2>\n\n\n\n<script charset=\"utf-8\" type=\"text\/javascript\" src=\"\/\/js-eu1.hsforms.net\/forms\/embed\/v2.js\"><\/script>\n<script>\n  hbspt.forms.create({\n    portalId: \"26669168\",\n    formId: \"ac0e88ae-be68-4b9c-87d7-d7be97bfa669\",\n    region: \"eu1\"\n  });\n<\/script>\n<\/div>\n<\/div>\n<\/div>\n","protected":false},"excerpt":{"rendered":"<p>Taylor Root London 5&nbsp;Fleet PlaceLondonEC4M&nbsp;7RD&nbsp; +44&nbsp;20&nbsp;7415&nbsp;2828 Kontakt aufnehmen<\/p>\n","protected":false},"author":7,"featured_media":0,"parent":3018,"menu_order":0,"comment_status":"closed","ping_status":"closed","template":"","meta":{"_acf_changed":false,"_cn_metabox_post_checkbox_dont_send_once":false,"_cn_metabox_post_checkbox_dont_send_ever":false,"footnotes":""},"class_list":["post-3029","page","type-page","status-publish","hentry"],"acf":[],"yoast_head":"<!-- This site is optimized with the Yoast SEO Premium plugin v25.4 (Yoast SEO v25.4) - https:\/\/yoast.com\/wordpress\/plugins\/seo\/ -->\n<title>London | Taylor Root<\/title>\n<meta name=\"robots\" content=\"index, follow, max-snippet:-1, max-image-preview:large, max-video-preview:-1\" \/>\n<link rel=\"canonical\" href=\"https:\/\/www.taylorroot.com\/de\/kontakt\/kontakt-london\/\" \/>\n<meta property=\"og:locale\" content=\"de_DE\" \/>\n<meta property=\"og:type\" content=\"article\" \/>\n<meta property=\"og:title\" content=\"London\" \/>\n<meta property=\"og:description\" content=\"Taylor Root London 5&nbsp;Fleet PlaceLondonEC4M&nbsp;7RD&nbsp; +44&nbsp;20&nbsp;7415&nbsp;2828 Kontakt aufnehmen\" \/>\n<meta property=\"og:url\" content=\"https:\/\/www.taylorroot.com\/de\/kontakt\/kontakt-london\/\" \/>\n<meta property=\"og:site_name\" content=\"Taylor Root\" \/>\n<meta property=\"article:modified_time\" content=\"2026-02-23T17:25:10+00:00\" \/>\n<meta property=\"og:image\" content=\"https:\/\/www.taylorroot.com\/wp-content\/uploads\/sites\/5\/2017\/01\/Emma-Coulter.jpg\" \/>\n\t<meta property=\"og:image:width\" content=\"1000\" \/>\n\t<meta property=\"og:image:height\" content=\"1000\" \/>\n\t<meta property=\"og:image:type\" content=\"image\/jpeg\" \/>\n<meta name=\"twitter:card\" content=\"summary_large_image\" \/>\n<meta name=\"twitter:label1\" content=\"Gesch\u00e4tzte Lesezeit\" \/>\n\t<meta name=\"twitter:data1\" content=\"1 Minute\" \/>\n<script type=\"application\/ld+json\" class=\"yoast-schema-graph\">{\"@context\":\"https:\/\/schema.org\",\"@graph\":[{\"@type\":\"WebPage\",\"@id\":\"https:\/\/www.taylorroot.com\/de\/kontakt\/kontakt-london\/\",\"url\":\"https:\/\/www.taylorroot.com\/de\/kontakt\/kontakt-london\/\",\"name\":\"London | Taylor Root\",\"isPartOf\":{\"@id\":\"https:\/\/www.taylorroot.com\/de\/#website\"},\"primaryImageOfPage\":{\"@id\":\"https:\/\/www.taylorroot.com\/de\/kontakt\/kontakt-london\/#primaryimage\"},\"image\":{\"@id\":\"https:\/\/www.taylorroot.com\/de\/kontakt\/kontakt-london\/#primaryimage\"},\"thumbnailUrl\":\"https:\/\/www.frazerjones.com\/wp-content\/uploads\/sites\/2\/2022\/04\/London-1024x677.jpg\",\"datePublished\":\"2022-06-17T10:08:22+00:00\",\"dateModified\":\"2026-02-23T17:25:10+00:00\",\"breadcrumb\":{\"@id\":\"https:\/\/www.taylorroot.com\/de\/kontakt\/kontakt-london\/#breadcrumb\"},\"inLanguage\":\"de-DE\",\"potentialAction\":[{\"@type\":\"ReadAction\",\"target\":[\"https:\/\/www.taylorroot.com\/de\/kontakt\/kontakt-london\/\"]}]},{\"@type\":\"ImageObject\",\"inLanguage\":\"de-DE\",\"@id\":\"https:\/\/www.taylorroot.com\/de\/kontakt\/kontakt-london\/#primaryimage\",\"url\":\"https:\/\/www.frazerjones.com\/wp-content\/uploads\/sites\/2\/2022\/04\/London-1024x677.jpg\",\"contentUrl\":\"https:\/\/www.frazerjones.com\/wp-content\/uploads\/sites\/2\/2022\/04\/London-1024x677.jpg\"},{\"@type\":\"BreadcrumbList\",\"@id\":\"https:\/\/www.taylorroot.com\/de\/kontakt\/kontakt-london\/#breadcrumb\",\"itemListElement\":[{\"@type\":\"ListItem\",\"position\":1,\"name\":\"Home\",\"item\":\"https:\/\/www.taylorroot.com\/de\/\"},{\"@type\":\"ListItem\",\"position\":2,\"name\":\"Kontakt\",\"item\":\"https:\/\/www.taylorroot.com\/de\/kontakt\/\"},{\"@type\":\"ListItem\",\"position\":3,\"name\":\"London\"}]},{\"@type\":\"WebSite\",\"@id\":\"https:\/\/www.taylorroot.com\/de\/#website\",\"url\":\"https:\/\/www.taylorroot.com\/de\/\",\"name\":\"Taylor Root\",\"description\":\"Global legal, risk and compliance search and recruitment\",\"publisher\":{\"@id\":\"https:\/\/www.taylorroot.com\/de\/#organization\"},\"potentialAction\":[{\"@type\":\"SearchAction\",\"target\":{\"@type\":\"EntryPoint\",\"urlTemplate\":\"https:\/\/www.taylorroot.com\/de\/?s={search_term_string}\"},\"query-input\":{\"@type\":\"PropertyValueSpecification\",\"valueRequired\":true,\"valueName\":\"search_term_string\"}}],\"inLanguage\":\"de-DE\"},{\"@type\":\"Organization\",\"@id\":\"https:\/\/www.taylorroot.com\/de\/#organization\",\"name\":\"Taylor Root\",\"url\":\"https:\/\/www.taylorroot.com\/de\/\",\"logo\":{\"@type\":\"ImageObject\",\"inLanguage\":\"de-DE\",\"@id\":\"https:\/\/www.taylorroot.com\/de\/#\/schema\/logo\/image\/\",\"url\":\"https:\/\/www.taylorroot.com\/wp-content\/uploads\/sites\/5\/2022\/05\/TR_Opengraph-Image5-scaled.jpg\",\"contentUrl\":\"https:\/\/www.taylorroot.com\/wp-content\/uploads\/sites\/5\/2022\/05\/TR_Opengraph-Image5-scaled.jpg\",\"width\":2560,\"height\":1344,\"caption\":\"Taylor Root\"},\"image\":{\"@id\":\"https:\/\/www.taylorroot.com\/de\/#\/schema\/logo\/image\/\"}}]}<\/script>\n<!-- \/ Yoast SEO Premium plugin. -->","yoast_head_json":{"title":"London | Taylor Root","robots":{"index":"index","follow":"follow","max-snippet":"max-snippet:-1","max-image-preview":"max-image-preview:large","max-video-preview":"max-video-preview:-1"},"canonical":"https:\/\/www.taylorroot.com\/de\/kontakt\/kontakt-london\/","og_locale":"de_DE","og_type":"article","og_title":"London","og_description":"Taylor Root London 5&nbsp;Fleet PlaceLondonEC4M&nbsp;7RD&nbsp; +44&nbsp;20&nbsp;7415&nbsp;2828 Kontakt aufnehmen","og_url":"https:\/\/www.taylorroot.com\/de\/kontakt\/kontakt-london\/","og_site_name":"Taylor Root","article_modified_time":"2026-02-23T17:25:10+00:00","og_image":[{"width":1000,"height":1000,"url":"https:\/\/www.taylorroot.com\/wp-content\/uploads\/sites\/5\/2017\/01\/Emma-Coulter.jpg","type":"image\/jpeg"}],"twitter_card":"summary_large_image","twitter_misc":{"Gesch\u00e4tzte Lesezeit":"1 Minute"},"schema":{"@context":"https:\/\/schema.org","@graph":[{"@type":"WebPage","@id":"https:\/\/www.taylorroot.com\/de\/kontakt\/kontakt-london\/","url":"https:\/\/www.taylorroot.com\/de\/kontakt\/kontakt-london\/","name":"London | Taylor Root","isPartOf":{"@id":"https:\/\/www.taylorroot.com\/de\/#website"},"primaryImageOfPage":{"@id":"https:\/\/www.taylorroot.com\/de\/kontakt\/kontakt-london\/#primaryimage"},"image":{"@id":"https:\/\/www.taylorroot.com\/de\/kontakt\/kontakt-london\/#primaryimage"},"thumbnailUrl":"https:\/\/www.frazerjones.com\/wp-content\/uploads\/sites\/2\/2022\/04\/London-1024x677.jpg","datePublished":"2022-06-17T10:08:22+00:00","dateModified":"2026-02-23T17:25:10+00:00","breadcrumb":{"@id":"https:\/\/www.taylorroot.com\/de\/kontakt\/kontakt-london\/#breadcrumb"},"inLanguage":"de-DE","potentialAction":[{"@type":"ReadAction","target":["https:\/\/www.taylorroot.com\/de\/kontakt\/kontakt-london\/"]}]},{"@type":"ImageObject","inLanguage":"de-DE","@id":"https:\/\/www.taylorroot.com\/de\/kontakt\/kontakt-london\/#primaryimage","url":"https:\/\/www.frazerjones.com\/wp-content\/uploads\/sites\/2\/2022\/04\/London-1024x677.jpg","contentUrl":"https:\/\/www.frazerjones.com\/wp-content\/uploads\/sites\/2\/2022\/04\/London-1024x677.jpg"},{"@type":"BreadcrumbList","@id":"https:\/\/www.taylorroot.com\/de\/kontakt\/kontakt-london\/#breadcrumb","itemListElement":[{"@type":"ListItem","position":1,"name":"Home","item":"https:\/\/www.taylorroot.com\/de\/"},{"@type":"ListItem","position":2,"name":"Kontakt","item":"https:\/\/www.taylorroot.com\/de\/kontakt\/"},{"@type":"ListItem","position":3,"name":"London"}]},{"@type":"WebSite","@id":"https:\/\/www.taylorroot.com\/de\/#website","url":"https:\/\/www.taylorroot.com\/de\/","name":"Taylor Root","description":"Global legal, risk and compliance search and recruitment","publisher":{"@id":"https:\/\/www.taylorroot.com\/de\/#organization"},"potentialAction":[{"@type":"SearchAction","target":{"@type":"EntryPoint","urlTemplate":"https:\/\/www.taylorroot.com\/de\/?s={search_term_string}"},"query-input":{"@type":"PropertyValueSpecification","valueRequired":true,"valueName":"search_term_string"}}],"inLanguage":"de-DE"},{"@type":"Organization","@id":"https:\/\/www.taylorroot.com\/de\/#organization","name":"Taylor Root","url":"https:\/\/www.taylorroot.com\/de\/","logo":{"@type":"ImageObject","inLanguage":"de-DE","@id":"https:\/\/www.taylorroot.com\/de\/#\/schema\/logo\/image\/","url":"https:\/\/www.taylorroot.com\/wp-content\/uploads\/sites\/5\/2022\/05\/TR_Opengraph-Image5-scaled.jpg","contentUrl":"https:\/\/www.taylorroot.com\/wp-content\/uploads\/sites\/5\/2022\/05\/TR_Opengraph-Image5-scaled.jpg","width":2560,"height":1344,"caption":"Taylor Root"},"image":{"@id":"https:\/\/www.taylorroot.com\/de\/#\/schema\/logo\/image\/"}}]}},"_links":{"self":[{"href":"https:\/\/www.taylorroot.com\/de\/wp-json\/wp\/v2\/pages\/3029","targetHints":{"allow":["GET"]}}],"collection":[{"href":"https:\/\/www.taylorroot.com\/de\/wp-json\/wp\/v2\/pages"}],"about":[{"href":"https:\/\/www.taylorroot.com\/de\/wp-json\/wp\/v2\/types\/page"}],"author":[{"embeddable":true,"href":"https:\/\/www.taylorroot.com\/de\/wp-json\/wp\/v2\/users\/7"}],"replies":[{"embeddable":true,"href":"https:\/\/www.taylorroot.com\/de\/wp-json\/wp\/v2\/comments?post=3029"}],"version-history":[{"count":0,"href":"https:\/\/www.taylorroot.com\/de\/wp-json\/wp\/v2\/pages\/3029\/revisions"}],"up":[{"embeddable":true,"href":"https:\/\/www.taylorroot.com\/de\/wp-json\/wp\/v2\/pages\/3018"}],"wp:attachment":[{"href":"https:\/\/www.taylorroot.com\/de\/wp-json\/wp\/v2\/media?parent=3029"}],"curies":[{"name":"wp","href":"https:\/\/api.w.org\/{rel}","templated":true}]}}