{"id":3027,"date":"2022-06-17T10:08:04","date_gmt":"2022-06-17T10:08:04","guid":{"rendered":"https:\/\/sites.thesrgroup.com\/taylorroot\/nehmen-sie-kontakt-auf\/nehmen-sie-kontakt-auf-dublin\/"},"modified":"2026-02-23T17:24:11","modified_gmt":"2026-02-23T17:24:11","slug":"kontakt-dublin","status":"publish","type":"page","link":"https:\/\/www.taylorroot.com\/de\/kontakt\/kontakt-dublin\/","title":{"rendered":"Dublin"},"content":{"rendered":"\n<div class=\"wp-block-media-text alignwide has-media-on-the-right is-stacked-on-mobile\"><div class=\"wp-block-media-text__content\">\n<div class=\"wp-block-group alignwide is-layout-flow wp-block-group-is-layout-flow\">\n<h1 class=\"wp-block-heading alignwide\" id=\"get-in-touch\">Kontakt aufnehmen<\/h1>\n\n\n\n<p>Suchen Sie Ihre n\u00e4chste Position oder m\u00f6chten Sie Ihr Legal Team ausbauen und mit unserem Team aus Expert*innen sprechen? Kontaktieren Sie uns f\u00fcr ein informelles Gespr\u00e4ch.<\/p>\n\n\n\n<div class=\"wp-block-buttons is-layout-flex wp-block-buttons-is-layout-flex\">\n<div class=\"wp-block-button is-style-primary\"><a class=\"wp-block-button__link wp-element-button\" href=\"https:\/\/www.taylorroot.com\/jobs\/\">Jobsuche<\/a><\/div>\n\n\n\n<div class=\"wp-block-button is-style-primary\"><a class=\"wp-block-button__link wp-element-button\" href=\"https:\/\/www.taylorroot.com\/de\/ein-stellenangebot-einreichen\/\">Ein Stellenangebot<\/a><\/div>\n<\/div>\n<\/div>\n<\/div><figure class=\"wp-block-media-text__media\"><img loading=\"lazy\" decoding=\"async\" width=\"1024\" height=\"683\" src=\"https:\/\/www.taylorroot.com\/wp-content\/uploads\/sites\/5\/2022\/06\/iStock-1175787859-min-1024x683.jpg\" alt=\"\" class=\"wp-image-955 size-full\" srcset=\"https:\/\/www.taylorroot.com\/wp-content\/uploads\/sites\/5\/2022\/06\/iStock-1175787859-min-1024x683.jpg 1024w, https:\/\/www.taylorroot.com\/wp-content\/uploads\/sites\/5\/2022\/06\/iStock-1175787859-min-300x200.jpg 300w, https:\/\/www.taylorroot.com\/wp-content\/uploads\/sites\/5\/2022\/06\/iStock-1175787859-min-768x512.jpg 768w, https:\/\/www.taylorroot.com\/wp-content\/uploads\/sites\/5\/2022\/06\/iStock-1175787859-min-1536x1024.jpg 1536w, https:\/\/www.taylorroot.com\/wp-content\/uploads\/sites\/5\/2022\/06\/iStock-1175787859-min-2048x1365.jpg 2048w\" sizes=\"(max-width: 1024px) 100vw, 1024px\" \/><\/figure><\/div>\n\n\n\n<div class=\"wp-block-group alignwide is-layout-flow wp-block-group-is-layout-flow\">\n\t<nav class=\"hd-block hd-block-navigation is-style-horizontal\" id=\"block_c57f27f78ec67fb38c9af7aba3cf5fad\">\n\n\t\t<ul id=\"menu-contact-us-locations\" class=\"menu\"><li id=\"menu-item-807\" class=\"menu-item menu-item-type-post_type menu-item-object-page menu-item-807\"><a href=\"https:\/\/www.taylorroot.com\/get-in-touch\/london\/\">London<\/a><\/li>\n<li id=\"menu-item-765\" class=\"menu-item menu-item-type-post_type menu-item-object-page menu-item-765\"><a href=\"https:\/\/www.taylorroot.com\/get-in-touch\/birmingham\/\">Birmingham<\/a><\/li>\n<li id=\"menu-item-809\" class=\"menu-item menu-item-type-post_type menu-item-object-page menu-item-809\"><a href=\"https:\/\/www.taylorroot.com\/get-in-touch\/dublin\/\">Dublin<\/a><\/li>\n<li id=\"menu-item-810\" class=\"menu-item menu-item-type-post_type menu-item-object-page menu-item-810\"><a href=\"https:\/\/www.taylorroot.com\/get-in-touch\/amsterdam\/\">Amsterdam<\/a><\/li>\n<li id=\"menu-item-794\" class=\"menu-item menu-item-type-post_type menu-item-object-page menu-item-794\"><a href=\"https:\/\/www.taylorroot.com\/get-in-touch\/dubai\/\">Dubai<\/a><\/li>\n<li id=\"menu-item-797\" class=\"menu-item menu-item-type-post_type menu-item-object-page menu-item-797\"><a href=\"https:\/\/www.taylorroot.com\/get-in-touch\/singapore\/\">Singapur<\/a><\/li>\n<li id=\"menu-item-798\" class=\"menu-item menu-item-type-post_type menu-item-object-page menu-item-798\"><a href=\"https:\/\/www.taylorroot.com\/get-in-touch\/hong-kong\/\">Hongkong<\/a><\/li>\n<li id=\"menu-item-808\" class=\"menu-item menu-item-type-post_type menu-item-object-page menu-item-808\"><a href=\"https:\/\/www.taylorroot.com\/get-in-touch\/new-york\/\">New York<\/a><\/li>\n<li id=\"menu-item-48654\" class=\"menu-item menu-item-type-post_type menu-item-object-page menu-item-48654\"><a href=\"https:\/\/www.taylorroot.com\/get-in-touch\/orlando\/\">Orlando<\/a><\/li>\n<\/ul>\n\t<\/nav>\n\n\t<\/div>\n\n\n\n<hr class=\"wp-block-separator has-css-opacity alignwide\"\/>\n\n\n\n<div class=\"wp-block-columns alignwide body-columns get-in-touch__body-columns is-layout-flex wp-container-core-columns-is-layout-28f84493 wp-block-columns-is-layout-flex\">\n<div class=\"wp-block-column is-layout-flow wp-block-column-is-layout-flow\" style=\"flex-basis:75%\">\n<h2 class=\"wp-block-heading\" id=\"frazer-jones-uk\">Taylor Root Dublin<\/h2>\n\n\n\n<div class=\"wp-block-columns is-layout-flex wp-container-core-columns-is-layout-28f84493 wp-block-columns-is-layout-flex\">\n<div class=\"wp-block-column is-layout-flow wp-block-column-is-layout-flow\">\n<p>Unit 705<br>7&nbsp;Pembroke House<br>28-32&nbsp;Pembroke Street<br>Upper Dublin&nbsp;2<br>Ireland<\/p>\n<\/div>\n\n\n\n<div class=\"wp-block-column is-layout-flow wp-block-column-is-layout-flow\">\n<p>+353&nbsp;1&nbsp;568&nbsp;2835<\/p>\n<\/div>\n<\/div>\n\n\n\n<div class=\"wp-block-group has-black-05-background-color has-background is-layout-flow wp-block-group-is-layout-flow\">\n<h2 class=\"wp-block-heading is-style-eyebrow\" id=\"get-in-touch-1\">Kontakt aufnehmen<\/h2>\n\n\n\n<script charset=\"utf-8\" type=\"text\/javascript\" src=\"\/\/js-eu1.hsforms.net\/forms\/embed\/v2.js\"><\/script>\n<script>\n  hbspt.forms.create({\n    portalId: \"26669168\",\n    formId: \"ac0e88ae-be68-4b9c-87d7-d7be97bfa669\",\n    region: \"eu1\"\n  });\n<\/script>\n<\/div>\n<\/div>\n<\/div>\n","protected":false},"excerpt":{"rendered":"<p>Taylor Root Dublin Unit 7057&nbsp;Pembroke House28-32&nbsp;Pembroke StreetUpper Dublin&nbsp;2Ireland +353&nbsp;1&nbsp;568&nbsp;2835 Kontakt aufnehmen<\/p>\n","protected":false},"author":7,"featured_media":0,"parent":3018,"menu_order":0,"comment_status":"closed","ping_status":"closed","template":"","meta":{"_acf_changed":false,"_cn_metabox_post_checkbox_dont_send_once":false,"_cn_metabox_post_checkbox_dont_send_ever":false,"footnotes":""},"class_list":["post-3027","page","type-page","status-publish","hentry"],"acf":[],"yoast_head":"<!-- This site is optimized with the Yoast SEO Premium plugin v25.4 (Yoast SEO v25.4) - https:\/\/yoast.com\/wordpress\/plugins\/seo\/ -->\n<title>Dublin | Taylor Root<\/title>\n<meta name=\"robots\" content=\"index, follow, max-snippet:-1, max-image-preview:large, max-video-preview:-1\" \/>\n<link rel=\"canonical\" href=\"https:\/\/www.taylorroot.com\/de\/kontakt\/kontakt-dublin\/\" \/>\n<meta property=\"og:locale\" content=\"de_DE\" \/>\n<meta property=\"og:type\" content=\"article\" \/>\n<meta property=\"og:title\" content=\"Dublin\" \/>\n<meta property=\"og:description\" content=\"Taylor Root Dublin Unit 7057&nbsp;Pembroke House28-32&nbsp;Pembroke StreetUpper Dublin&nbsp;2Ireland +353&nbsp;1&nbsp;568&nbsp;2835 Kontakt aufnehmen\" \/>\n<meta property=\"og:url\" content=\"https:\/\/www.taylorroot.com\/de\/kontakt\/kontakt-dublin\/\" \/>\n<meta property=\"og:site_name\" content=\"Taylor Root\" \/>\n<meta property=\"article:modified_time\" content=\"2026-02-23T17:24:11+00:00\" \/>\n<meta property=\"og:image\" content=\"https:\/\/www.taylorroot.com\/wp-content\/uploads\/sites\/5\/2022\/06\/iStock-1175787859-min-scaled.jpg\" \/>\n\t<meta property=\"og:image:width\" content=\"2560\" \/>\n\t<meta property=\"og:image:height\" content=\"1707\" \/>\n\t<meta property=\"og:image:type\" content=\"image\/jpeg\" \/>\n<meta name=\"twitter:card\" content=\"summary_large_image\" \/>\n<meta name=\"twitter:label1\" content=\"Gesch\u00e4tzte Lesezeit\" \/>\n\t<meta name=\"twitter:data1\" content=\"1 Minute\" \/>\n<script type=\"application\/ld+json\" class=\"yoast-schema-graph\">{\"@context\":\"https:\/\/schema.org\",\"@graph\":[{\"@type\":\"WebPage\",\"@id\":\"https:\/\/www.taylorroot.com\/de\/kontakt\/kontakt-dublin\/\",\"url\":\"https:\/\/www.taylorroot.com\/de\/kontakt\/kontakt-dublin\/\",\"name\":\"Dublin | Taylor Root\",\"isPartOf\":{\"@id\":\"https:\/\/www.taylorroot.com\/de\/#website\"},\"primaryImageOfPage\":{\"@id\":\"https:\/\/www.taylorroot.com\/de\/kontakt\/kontakt-dublin\/#primaryimage\"},\"image\":{\"@id\":\"https:\/\/www.taylorroot.com\/de\/kontakt\/kontakt-dublin\/#primaryimage\"},\"thumbnailUrl\":\"https:\/\/www.taylorroot.com\/wp-content\/uploads\/sites\/5\/2022\/06\/iStock-1175787859-min-1024x683.jpg\",\"datePublished\":\"2022-06-17T10:08:04+00:00\",\"dateModified\":\"2026-02-23T17:24:11+00:00\",\"breadcrumb\":{\"@id\":\"https:\/\/www.taylorroot.com\/de\/kontakt\/kontakt-dublin\/#breadcrumb\"},\"inLanguage\":\"de-DE\",\"potentialAction\":[{\"@type\":\"ReadAction\",\"target\":[\"https:\/\/www.taylorroot.com\/de\/kontakt\/kontakt-dublin\/\"]}]},{\"@type\":\"ImageObject\",\"inLanguage\":\"de-DE\",\"@id\":\"https:\/\/www.taylorroot.com\/de\/kontakt\/kontakt-dublin\/#primaryimage\",\"url\":\"https:\/\/www.taylorroot.com\/wp-content\/uploads\/sites\/5\/2022\/06\/iStock-1175787859-min-1024x683.jpg\",\"contentUrl\":\"https:\/\/www.taylorroot.com\/wp-content\/uploads\/sites\/5\/2022\/06\/iStock-1175787859-min-1024x683.jpg\"},{\"@type\":\"BreadcrumbList\",\"@id\":\"https:\/\/www.taylorroot.com\/de\/kontakt\/kontakt-dublin\/#breadcrumb\",\"itemListElement\":[{\"@type\":\"ListItem\",\"position\":1,\"name\":\"Home\",\"item\":\"https:\/\/www.taylorroot.com\/de\/\"},{\"@type\":\"ListItem\",\"position\":2,\"name\":\"Kontakt\",\"item\":\"https:\/\/www.taylorroot.com\/de\/kontakt\/\"},{\"@type\":\"ListItem\",\"position\":3,\"name\":\"Dublin\"}]},{\"@type\":\"WebSite\",\"@id\":\"https:\/\/www.taylorroot.com\/de\/#website\",\"url\":\"https:\/\/www.taylorroot.com\/de\/\",\"name\":\"Taylor Root\",\"description\":\"Global legal, risk and compliance search and recruitment\",\"publisher\":{\"@id\":\"https:\/\/www.taylorroot.com\/de\/#organization\"},\"potentialAction\":[{\"@type\":\"SearchAction\",\"target\":{\"@type\":\"EntryPoint\",\"urlTemplate\":\"https:\/\/www.taylorroot.com\/de\/?s={search_term_string}\"},\"query-input\":{\"@type\":\"PropertyValueSpecification\",\"valueRequired\":true,\"valueName\":\"search_term_string\"}}],\"inLanguage\":\"de-DE\"},{\"@type\":\"Organization\",\"@id\":\"https:\/\/www.taylorroot.com\/de\/#organization\",\"name\":\"Taylor Root\",\"url\":\"https:\/\/www.taylorroot.com\/de\/\",\"logo\":{\"@type\":\"ImageObject\",\"inLanguage\":\"de-DE\",\"@id\":\"https:\/\/www.taylorroot.com\/de\/#\/schema\/logo\/image\/\",\"url\":\"https:\/\/www.taylorroot.com\/wp-content\/uploads\/sites\/5\/2022\/05\/TR_Opengraph-Image5-scaled.jpg\",\"contentUrl\":\"https:\/\/www.taylorroot.com\/wp-content\/uploads\/sites\/5\/2022\/05\/TR_Opengraph-Image5-scaled.jpg\",\"width\":2560,\"height\":1344,\"caption\":\"Taylor Root\"},\"image\":{\"@id\":\"https:\/\/www.taylorroot.com\/de\/#\/schema\/logo\/image\/\"}}]}<\/script>\n<!-- \/ Yoast SEO Premium plugin. -->","yoast_head_json":{"title":"Dublin | Taylor Root","robots":{"index":"index","follow":"follow","max-snippet":"max-snippet:-1","max-image-preview":"max-image-preview:large","max-video-preview":"max-video-preview:-1"},"canonical":"https:\/\/www.taylorroot.com\/de\/kontakt\/kontakt-dublin\/","og_locale":"de_DE","og_type":"article","og_title":"Dublin","og_description":"Taylor Root Dublin Unit 7057&nbsp;Pembroke House28-32&nbsp;Pembroke StreetUpper Dublin&nbsp;2Ireland +353&nbsp;1&nbsp;568&nbsp;2835 Kontakt aufnehmen","og_url":"https:\/\/www.taylorroot.com\/de\/kontakt\/kontakt-dublin\/","og_site_name":"Taylor Root","article_modified_time":"2026-02-23T17:24:11+00:00","og_image":[{"width":2560,"height":1707,"url":"https:\/\/www.taylorroot.com\/wp-content\/uploads\/sites\/5\/2022\/06\/iStock-1175787859-min-scaled.jpg","type":"image\/jpeg"}],"twitter_card":"summary_large_image","twitter_misc":{"Gesch\u00e4tzte Lesezeit":"1 Minute"},"schema":{"@context":"https:\/\/schema.org","@graph":[{"@type":"WebPage","@id":"https:\/\/www.taylorroot.com\/de\/kontakt\/kontakt-dublin\/","url":"https:\/\/www.taylorroot.com\/de\/kontakt\/kontakt-dublin\/","name":"Dublin | Taylor Root","isPartOf":{"@id":"https:\/\/www.taylorroot.com\/de\/#website"},"primaryImageOfPage":{"@id":"https:\/\/www.taylorroot.com\/de\/kontakt\/kontakt-dublin\/#primaryimage"},"image":{"@id":"https:\/\/www.taylorroot.com\/de\/kontakt\/kontakt-dublin\/#primaryimage"},"thumbnailUrl":"https:\/\/www.taylorroot.com\/wp-content\/uploads\/sites\/5\/2022\/06\/iStock-1175787859-min-1024x683.jpg","datePublished":"2022-06-17T10:08:04+00:00","dateModified":"2026-02-23T17:24:11+00:00","breadcrumb":{"@id":"https:\/\/www.taylorroot.com\/de\/kontakt\/kontakt-dublin\/#breadcrumb"},"inLanguage":"de-DE","potentialAction":[{"@type":"ReadAction","target":["https:\/\/www.taylorroot.com\/de\/kontakt\/kontakt-dublin\/"]}]},{"@type":"ImageObject","inLanguage":"de-DE","@id":"https:\/\/www.taylorroot.com\/de\/kontakt\/kontakt-dublin\/#primaryimage","url":"https:\/\/www.taylorroot.com\/wp-content\/uploads\/sites\/5\/2022\/06\/iStock-1175787859-min-1024x683.jpg","contentUrl":"https:\/\/www.taylorroot.com\/wp-content\/uploads\/sites\/5\/2022\/06\/iStock-1175787859-min-1024x683.jpg"},{"@type":"BreadcrumbList","@id":"https:\/\/www.taylorroot.com\/de\/kontakt\/kontakt-dublin\/#breadcrumb","itemListElement":[{"@type":"ListItem","position":1,"name":"Home","item":"https:\/\/www.taylorroot.com\/de\/"},{"@type":"ListItem","position":2,"name":"Kontakt","item":"https:\/\/www.taylorroot.com\/de\/kontakt\/"},{"@type":"ListItem","position":3,"name":"Dublin"}]},{"@type":"WebSite","@id":"https:\/\/www.taylorroot.com\/de\/#website","url":"https:\/\/www.taylorroot.com\/de\/","name":"Taylor Root","description":"Global legal, risk and compliance search and recruitment","publisher":{"@id":"https:\/\/www.taylorroot.com\/de\/#organization"},"potentialAction":[{"@type":"SearchAction","target":{"@type":"EntryPoint","urlTemplate":"https:\/\/www.taylorroot.com\/de\/?s={search_term_string}"},"query-input":{"@type":"PropertyValueSpecification","valueRequired":true,"valueName":"search_term_string"}}],"inLanguage":"de-DE"},{"@type":"Organization","@id":"https:\/\/www.taylorroot.com\/de\/#organization","name":"Taylor Root","url":"https:\/\/www.taylorroot.com\/de\/","logo":{"@type":"ImageObject","inLanguage":"de-DE","@id":"https:\/\/www.taylorroot.com\/de\/#\/schema\/logo\/image\/","url":"https:\/\/www.taylorroot.com\/wp-content\/uploads\/sites\/5\/2022\/05\/TR_Opengraph-Image5-scaled.jpg","contentUrl":"https:\/\/www.taylorroot.com\/wp-content\/uploads\/sites\/5\/2022\/05\/TR_Opengraph-Image5-scaled.jpg","width":2560,"height":1344,"caption":"Taylor Root"},"image":{"@id":"https:\/\/www.taylorroot.com\/de\/#\/schema\/logo\/image\/"}}]}},"_links":{"self":[{"href":"https:\/\/www.taylorroot.com\/de\/wp-json\/wp\/v2\/pages\/3027","targetHints":{"allow":["GET"]}}],"collection":[{"href":"https:\/\/www.taylorroot.com\/de\/wp-json\/wp\/v2\/pages"}],"about":[{"href":"https:\/\/www.taylorroot.com\/de\/wp-json\/wp\/v2\/types\/page"}],"author":[{"embeddable":true,"href":"https:\/\/www.taylorroot.com\/de\/wp-json\/wp\/v2\/users\/7"}],"replies":[{"embeddable":true,"href":"https:\/\/www.taylorroot.com\/de\/wp-json\/wp\/v2\/comments?post=3027"}],"version-history":[{"count":0,"href":"https:\/\/www.taylorroot.com\/de\/wp-json\/wp\/v2\/pages\/3027\/revisions"}],"up":[{"embeddable":true,"href":"https:\/\/www.taylorroot.com\/de\/wp-json\/wp\/v2\/pages\/3018"}],"wp:attachment":[{"href":"https:\/\/www.taylorroot.com\/de\/wp-json\/wp\/v2\/media?parent=3027"}],"curies":[{"name":"wp","href":"https:\/\/api.w.org\/{rel}","templated":true}]}}